{"id":237,"date":"2022-03-02T15:04:16","date_gmt":"2022-03-02T14:04:16","guid":{"rendered":"http:\/\/www.tilolab.com\/?page_id=237"},"modified":"2022-03-02T15:04:16","modified_gmt":"2022-03-02T14:04:16","slug":"forage-carrieres","status":"publish","type":"page","link":"https:\/\/www.bonnier-forages.fr\/index.php\/forage-carrieres\/","title":{"rendered":"Forage Carri\u00e8res"},"content":{"rendered":"\t\t<div data-elementor-type=\"wp-page\" data-elementor-id=\"237\" class=\"elementor elementor-237\" data-elementor-post-type=\"page\">\n\t\t\t\t\t\t<section class=\"elementor-section elementor-top-section elementor-element elementor-element-bce5daa elementor-section-stretched elementor-section-boxed elementor-section-height-default elementor-section-height-default\" data-id=\"bce5daa\" data-element_type=\"section\" data-settings=\"{&quot;stretch_section&quot;:&quot;section-stretched&quot;}\">\n\t\t\t\t\t\t<div class=\"elementor-container elementor-column-gap-default\">\n\t\t\t\t\t<div class=\"elementor-column elementor-col-33 elementor-top-column elementor-element elementor-element-05c39e8\" data-id=\"05c39e8\" data-element_type=\"column\">\n\t\t\t<div class=\"elementor-widget-wrap elementor-element-populated\">\n\t\t\t\t\t\t<div class=\"elementor-element elementor-element-f16b188 elementor-widget elementor-widget-text-editor\" data-id=\"f16b188\" data-element_type=\"widget\" data-widget_type=\"text-editor.default\">\n\t\t\t\t<div class=\"elementor-widget-container\">\n\t\t\t\t\t\t\t\t\t<p>Notre entreprise BONNIER FORAGES est par ailleurs reconnue pour son expertise dans le domaine des op\u00e9rations de forages en carri\u00e8re\u00a0:\u00a0<\/p><p>Intervention dans les carri\u00e8res en Bretagne et Pays de la Loire<\/p><ul><li aria-level=\"1\">Forages pour minage en carri\u00e8re<\/li><li aria-level=\"1\">Implantation de tirs au laser en 2 dimensions<\/li><li aria-level=\"1\">Sondages pour mission de reconnaissance<\/li><li aria-level=\"1\">Pi\u00e9zom\u00e8tre de contr\u00f4le (mesure du niveau de l\u2019eau souterraine)<\/li><\/ul>\t\t\t\t\t\t\t\t<\/div>\n\t\t\t\t<\/div>\n\t\t\t\t\t<\/div>\n\t\t<\/div>\n\t\t\t\t<div class=\"elementor-column elementor-col-33 elementor-top-column elementor-element elementor-element-06e2dc7\" data-id=\"06e2dc7\" data-element_type=\"column\">\n\t\t\t<div class=\"elementor-widget-wrap elementor-element-populated\">\n\t\t\t\t\t\t<div class=\"elementor-element elementor-element-a4cf711 elementor-widget elementor-widget-text-editor\" data-id=\"a4cf711\" data-element_type=\"widget\" data-widget_type=\"text-editor.default\">\n\t\t\t\t<div class=\"elementor-widget-container\">\n\t\t\t\t\t\t\t\t\t<div class=\"col-md-4\"><div class=\"texte bis\"><p>Afin de r\u00e9pondre \u00e0 vos besoins, notre soci\u00e9t\u00e9 est \u00e9quip\u00e9e\u00a0de:<\/p><ul><li aria-level=\"1\">cinq foreuses avec \u00e9quipement COPROD\u00a0; Syst\u00e8me pour forage en carri\u00e8re rectiligne, rapide dans les roches les plus difficiles\u00a0: engins et trains de forage associant un marteau perforateur hors trou, \u00e0 taux de p\u00e9n\u00e9tration \u00e9lev\u00e9.<\/li><li aria-level=\"1\">Une pelle \u00e9quip\u00e9e d\u2019un brise roche Hydraulique.<\/li><\/ul><\/div><\/div><div class=\"col-md-4 \" style=\"align-items: flex-start;\"><div id=\"myCarousel\" class=\"carousel slide\" data-ride=\"carousel\"><div class=\"carousel-inner\" role=\"listbox\"><div class=\"carousel-item car-int bgc active\" style=\"background-image: url('images\/albums\/2d3f1ff4fec9albums895.jpg');\">\u00a0<\/div><\/div><\/div><\/div>\t\t\t\t\t\t\t\t<\/div>\n\t\t\t\t<\/div>\n\t\t\t\t\t<\/div>\n\t\t<\/div>\n\t\t\t\t<div class=\"elementor-column elementor-col-33 elementor-top-column elementor-element elementor-element-ce69012\" data-id=\"ce69012\" data-element_type=\"column\">\n\t\t\t<div class=\"elementor-widget-wrap elementor-element-populated\">\n\t\t\t\t\t\t<div class=\"elementor-element elementor-element-045e7af elementor-widget elementor-widget-image\" data-id=\"045e7af\" data-element_type=\"widget\" data-widget_type=\"image.default\">\n\t\t\t\t<div class=\"elementor-widget-container\">\n\t\t\t\t\t\t\t\t\t\t\t\t\t\t\t<img fetchpriority=\"high\" decoding=\"async\" width=\"1536\" height=\"1152\" src=\"https:\/\/www.bonnier-forages.fr\/wp-content\/uploads\/2022\/06\/FORAGE-CARRIERE-IMG_5102-1-1536x1152.jpg\" class=\"attachment-1536x1536 size-1536x1536 wp-image-654\" alt=\"\" srcset=\"https:\/\/www.bonnier-forages.fr\/wp-content\/uploads\/2022\/06\/FORAGE-CARRIERE-IMG_5102-1-1536x1152.jpg 1536w, https:\/\/www.bonnier-forages.fr\/wp-content\/uploads\/2022\/06\/FORAGE-CARRIERE-IMG_5102-1-300x225.jpg 300w, https:\/\/www.bonnier-forages.fr\/wp-content\/uploads\/2022\/06\/FORAGE-CARRIERE-IMG_5102-1-1024x768.jpg 1024w, https:\/\/www.bonnier-forages.fr\/wp-content\/uploads\/2022\/06\/FORAGE-CARRIERE-IMG_5102-1-768x576.jpg 768w, https:\/\/www.bonnier-forages.fr\/wp-content\/uploads\/2022\/06\/FORAGE-CARRIERE-IMG_5102-1-1568x1176.jpg 1568w, https:\/\/www.bonnier-forages.fr\/wp-content\/uploads\/2022\/06\/FORAGE-CARRIERE-IMG_5102-1.jpg 2016w\" sizes=\"(max-width: 1536px) 100vw, 1536px\" \/>\t\t\t\t\t\t\t\t\t\t\t\t\t\t\t<\/div>\n\t\t\t\t<\/div>\n\t\t\t\t\t<\/div>\n\t\t<\/div>\n\t\t\t\t\t<\/div>\n\t\t<\/section>\n\t\t\t\t<\/div>\n\t\t","protected":false},"excerpt":{"rendered":"<p>Notre entreprise BONNIER FORAGES est par ailleurs reconnue pour son expertise dans le domaine des op\u00e9rations de forages en carri\u00e8re\u00a0:\u00a0 Intervention dans les carri\u00e8res en Bretagne et Pays de la Loire Forages pour minage en carri\u00e8re Implantation de tirs au laser en 2 dimensions Sondages pour mission de reconnaissance Pi\u00e9zom\u00e8tre de contr\u00f4le (mesure du niveau [&hellip;]<\/p>\n","protected":false},"author":1,"featured_media":0,"parent":0,"menu_order":0,"comment_status":"closed","ping_status":"closed","template":"","meta":{"om_disable_all_campaigns":false,"site-sidebar-layout":"default","site-content-layout":"","ast-site-content-layout":"","site-content-style":"default","site-sidebar-style":"default","ast-global-header-display":"","ast-banner-title-visibility":"","ast-main-header-display":"","ast-hfb-above-header-display":"","ast-hfb-below-header-display":"","ast-hfb-mobile-header-display":"","site-post-title":"","ast-breadcrumbs-content":"","ast-featured-img":"","footer-sml-layout":"","theme-transparent-header-meta":"","adv-header-id-meta":"","stick-header-meta":"","header-above-stick-meta":"","header-main-stick-meta":"","header-below-stick-meta":"","astra-migrate-meta-layouts":"default","ast-page-background-enabled":"default","ast-page-background-meta":{"desktop":{"background-color":"var(--ast-global-color-4)","background-image":"","background-repeat":"repeat","background-position":"center center","background-size":"auto","background-attachment":"scroll","background-type":"","background-media":"","overlay-type":"","overlay-color":"","overlay-opacity":"","overlay-gradient":""},"tablet":{"background-color":"","background-image":"","background-repeat":"repeat","background-position":"center center","background-size":"auto","background-attachment":"scroll","background-type":"","background-media":"","overlay-type":"","overlay-color":"","overlay-opacity":"","overlay-gradient":""},"mobile":{"background-color":"","background-image":"","background-repeat":"repeat","background-position":"center center","background-size":"auto","background-attachment":"scroll","background-type":"","background-media":"","overlay-type":"","overlay-color":"","overlay-opacity":"","overlay-gradient":""}},"ast-content-background-meta":{"desktop":{"background-color":"var(--ast-global-color-5)","background-image":"","background-repeat":"repeat","background-position":"center center","background-size":"auto","background-attachment":"scroll","background-type":"","background-media":"","overlay-type":"","overlay-color":"","overlay-opacity":"","overlay-gradient":""},"tablet":{"background-color":"var(--ast-global-color-5)","background-image":"","background-repeat":"repeat","background-position":"center center","background-size":"auto","background-attachment":"scroll","background-type":"","background-media":"","overlay-type":"","overlay-color":"","overlay-opacity":"","overlay-gradient":""},"mobile":{"background-color":"var(--ast-global-color-5)","background-image":"","background-repeat":"repeat","background-position":"center center","background-size":"auto","background-attachment":"scroll","background-type":"","background-media":"","overlay-type":"","overlay-color":"","overlay-opacity":"","overlay-gradient":""}},"footnotes":""},"class_list":["post-237","page","type-page","status-publish","hentry"],"yoast_head":"<!-- This site is optimized with the Yoast SEO plugin v24.1 - https:\/\/yoast.com\/wordpress\/plugins\/seo\/ -->\n<title>Forage Carri\u00e8res - Bonnier Forages<\/title>\n<meta name=\"description\" content=\"BONNIER FORAGES est une entreprise familiale sp\u00e9cialis\u00e9e dans la r\u00e9alisation de tous types de forages verticaux depuis 1964.\" \/>\n<meta name=\"robots\" content=\"index, follow, max-snippet:-1, max-image-preview:large, max-video-preview:-1\" \/>\n<link rel=\"canonical\" href=\"https:\/\/www.bonnier-forages.fr\/index.php\/forage-carrieres\/\" \/>\n<meta property=\"og:locale\" content=\"fr_FR\" \/>\n<meta property=\"og:type\" content=\"article\" \/>\n<meta property=\"og:title\" content=\"Forage Carri\u00e8res - Bonnier Forages\" \/>\n<meta property=\"og:description\" content=\"BONNIER FORAGES est une entreprise familiale sp\u00e9cialis\u00e9e dans la r\u00e9alisation de tous types de forages verticaux depuis 1964.\" \/>\n<meta property=\"og:url\" content=\"https:\/\/www.bonnier-forages.fr\/index.php\/forage-carrieres\/\" \/>\n<meta property=\"og:site_name\" content=\"Bonnier Forages\" \/>\n<meta property=\"og:image\" content=\"http:\/\/www.bonnier-forages.fr\/wp-content\/uploads\/2022\/06\/FORAGE-CARRIERE-IMG_5102-1-1536x1152.jpg\" \/>\n<meta name=\"twitter:card\" content=\"summary_large_image\" \/>\n<meta name=\"twitter:label1\" content=\"Dur\u00e9e de lecture estim\u00e9e\" \/>\n\t<meta name=\"twitter:data1\" content=\"1 minute\" \/>\n<script type=\"application\/ld+json\" class=\"yoast-schema-graph\">{\"@context\":\"https:\/\/schema.org\",\"@graph\":[{\"@type\":\"WebPage\",\"@id\":\"https:\/\/www.bonnier-forages.fr\/index.php\/forage-carrieres\/\",\"url\":\"https:\/\/www.bonnier-forages.fr\/index.php\/forage-carrieres\/\",\"name\":\"Forage Carri\u00e8res - Bonnier Forages\",\"isPartOf\":{\"@id\":\"https:\/\/www.bonnier-forages.fr\/#website\"},\"primaryImageOfPage\":{\"@id\":\"https:\/\/www.bonnier-forages.fr\/index.php\/forage-carrieres\/#primaryimage\"},\"image\":{\"@id\":\"https:\/\/www.bonnier-forages.fr\/index.php\/forage-carrieres\/#primaryimage\"},\"thumbnailUrl\":\"http:\/\/www.bonnier-forages.fr\/wp-content\/uploads\/2022\/06\/FORAGE-CARRIERE-IMG_5102-1-1536x1152.jpg\",\"datePublished\":\"2022-03-02T14:04:16+00:00\",\"dateModified\":\"2022-03-02T14:04:16+00:00\",\"description\":\"BONNIER FORAGES est une entreprise familiale sp\u00e9cialis\u00e9e dans la r\u00e9alisation de tous types de forages verticaux depuis 1964.\",\"breadcrumb\":{\"@id\":\"https:\/\/www.bonnier-forages.fr\/index.php\/forage-carrieres\/#breadcrumb\"},\"inLanguage\":\"fr-FR\",\"potentialAction\":[{\"@type\":\"ReadAction\",\"target\":[\"https:\/\/www.bonnier-forages.fr\/index.php\/forage-carrieres\/\"]}]},{\"@type\":\"ImageObject\",\"inLanguage\":\"fr-FR\",\"@id\":\"https:\/\/www.bonnier-forages.fr\/index.php\/forage-carrieres\/#primaryimage\",\"url\":\"http:\/\/www.bonnier-forages.fr\/wp-content\/uploads\/2022\/06\/FORAGE-CARRIERE-IMG_5102-1-1536x1152.jpg\",\"contentUrl\":\"http:\/\/www.bonnier-forages.fr\/wp-content\/uploads\/2022\/06\/FORAGE-CARRIERE-IMG_5102-1-1536x1152.jpg\"},{\"@type\":\"BreadcrumbList\",\"@id\":\"https:\/\/www.bonnier-forages.fr\/index.php\/forage-carrieres\/#breadcrumb\",\"itemListElement\":[{\"@type\":\"ListItem\",\"position\":1,\"name\":\"Accueil\",\"item\":\"https:\/\/www.bonnier-forages.fr\/\"},{\"@type\":\"ListItem\",\"position\":2,\"name\":\"Forage Carri\u00e8res\"}]},{\"@type\":\"WebSite\",\"@id\":\"https:\/\/www.bonnier-forages.fr\/#website\",\"url\":\"https:\/\/www.bonnier-forages.fr\/\",\"name\":\"Bonnier Forages\",\"description\":\"\",\"publisher\":{\"@id\":\"https:\/\/www.bonnier-forages.fr\/#organization\"},\"potentialAction\":[{\"@type\":\"SearchAction\",\"target\":{\"@type\":\"EntryPoint\",\"urlTemplate\":\"https:\/\/www.bonnier-forages.fr\/?s={search_term_string}\"},\"query-input\":{\"@type\":\"PropertyValueSpecification\",\"valueRequired\":true,\"valueName\":\"search_term_string\"}}],\"inLanguage\":\"fr-FR\"},{\"@type\":\"Organization\",\"@id\":\"https:\/\/www.bonnier-forages.fr\/#organization\",\"name\":\"Bonnier Forage\",\"url\":\"https:\/\/www.bonnier-forages.fr\/\",\"logo\":{\"@type\":\"ImageObject\",\"inLanguage\":\"fr-FR\",\"@id\":\"https:\/\/www.bonnier-forages.fr\/#\/schema\/logo\/image\/\",\"url\":\"https:\/\/www.bonnier-forages.fr\/wp-content\/uploads\/2022\/03\/cropped-Logo.png\",\"contentUrl\":\"https:\/\/www.bonnier-forages.fr\/wp-content\/uploads\/2022\/03\/cropped-Logo.png\",\"width\":309,\"height\":100,\"caption\":\"Bonnier Forage\"},\"image\":{\"@id\":\"https:\/\/www.bonnier-forages.fr\/#\/schema\/logo\/image\/\"}}]}<\/script>\n<!-- \/ Yoast SEO plugin. -->","yoast_head_json":{"title":"Forage Carri\u00e8res - Bonnier Forages","description":"BONNIER FORAGES est une entreprise familiale sp\u00e9cialis\u00e9e dans la r\u00e9alisation de tous types de forages verticaux depuis 1964.","robots":{"index":"index","follow":"follow","max-snippet":"max-snippet:-1","max-image-preview":"max-image-preview:large","max-video-preview":"max-video-preview:-1"},"canonical":"https:\/\/www.bonnier-forages.fr\/index.php\/forage-carrieres\/","og_locale":"fr_FR","og_type":"article","og_title":"Forage Carri\u00e8res - Bonnier Forages","og_description":"BONNIER FORAGES est une entreprise familiale sp\u00e9cialis\u00e9e dans la r\u00e9alisation de tous types de forages verticaux depuis 1964.","og_url":"https:\/\/www.bonnier-forages.fr\/index.php\/forage-carrieres\/","og_site_name":"Bonnier Forages","og_image":[{"url":"http:\/\/www.bonnier-forages.fr\/wp-content\/uploads\/2022\/06\/FORAGE-CARRIERE-IMG_5102-1-1536x1152.jpg","type":"","width":"","height":""}],"twitter_card":"summary_large_image","twitter_misc":{"Dur\u00e9e de lecture estim\u00e9e":"1 minute"},"schema":{"@context":"https:\/\/schema.org","@graph":[{"@type":"WebPage","@id":"https:\/\/www.bonnier-forages.fr\/index.php\/forage-carrieres\/","url":"https:\/\/www.bonnier-forages.fr\/index.php\/forage-carrieres\/","name":"Forage Carri\u00e8res - Bonnier Forages","isPartOf":{"@id":"https:\/\/www.bonnier-forages.fr\/#website"},"primaryImageOfPage":{"@id":"https:\/\/www.bonnier-forages.fr\/index.php\/forage-carrieres\/#primaryimage"},"image":{"@id":"https:\/\/www.bonnier-forages.fr\/index.php\/forage-carrieres\/#primaryimage"},"thumbnailUrl":"http:\/\/www.bonnier-forages.fr\/wp-content\/uploads\/2022\/06\/FORAGE-CARRIERE-IMG_5102-1-1536x1152.jpg","datePublished":"2022-03-02T14:04:16+00:00","dateModified":"2022-03-02T14:04:16+00:00","description":"BONNIER FORAGES est une entreprise familiale sp\u00e9cialis\u00e9e dans la r\u00e9alisation de tous types de forages verticaux depuis 1964.","breadcrumb":{"@id":"https:\/\/www.bonnier-forages.fr\/index.php\/forage-carrieres\/#breadcrumb"},"inLanguage":"fr-FR","potentialAction":[{"@type":"ReadAction","target":["https:\/\/www.bonnier-forages.fr\/index.php\/forage-carrieres\/"]}]},{"@type":"ImageObject","inLanguage":"fr-FR","@id":"https:\/\/www.bonnier-forages.fr\/index.php\/forage-carrieres\/#primaryimage","url":"http:\/\/www.bonnier-forages.fr\/wp-content\/uploads\/2022\/06\/FORAGE-CARRIERE-IMG_5102-1-1536x1152.jpg","contentUrl":"http:\/\/www.bonnier-forages.fr\/wp-content\/uploads\/2022\/06\/FORAGE-CARRIERE-IMG_5102-1-1536x1152.jpg"},{"@type":"BreadcrumbList","@id":"https:\/\/www.bonnier-forages.fr\/index.php\/forage-carrieres\/#breadcrumb","itemListElement":[{"@type":"ListItem","position":1,"name":"Accueil","item":"https:\/\/www.bonnier-forages.fr\/"},{"@type":"ListItem","position":2,"name":"Forage Carri\u00e8res"}]},{"@type":"WebSite","@id":"https:\/\/www.bonnier-forages.fr\/#website","url":"https:\/\/www.bonnier-forages.fr\/","name":"Bonnier Forages","description":"","publisher":{"@id":"https:\/\/www.bonnier-forages.fr\/#organization"},"potentialAction":[{"@type":"SearchAction","target":{"@type":"EntryPoint","urlTemplate":"https:\/\/www.bonnier-forages.fr\/?s={search_term_string}"},"query-input":{"@type":"PropertyValueSpecification","valueRequired":true,"valueName":"search_term_string"}}],"inLanguage":"fr-FR"},{"@type":"Organization","@id":"https:\/\/www.bonnier-forages.fr\/#organization","name":"Bonnier Forage","url":"https:\/\/www.bonnier-forages.fr\/","logo":{"@type":"ImageObject","inLanguage":"fr-FR","@id":"https:\/\/www.bonnier-forages.fr\/#\/schema\/logo\/image\/","url":"https:\/\/www.bonnier-forages.fr\/wp-content\/uploads\/2022\/03\/cropped-Logo.png","contentUrl":"https:\/\/www.bonnier-forages.fr\/wp-content\/uploads\/2022\/03\/cropped-Logo.png","width":309,"height":100,"caption":"Bonnier Forage"},"image":{"@id":"https:\/\/www.bonnier-forages.fr\/#\/schema\/logo\/image\/"}}]}},"_links":{"self":[{"href":"https:\/\/www.bonnier-forages.fr\/index.php\/wp-json\/wp\/v2\/pages\/237","targetHints":{"allow":["GET"]}}],"collection":[{"href":"https:\/\/www.bonnier-forages.fr\/index.php\/wp-json\/wp\/v2\/pages"}],"about":[{"href":"https:\/\/www.bonnier-forages.fr\/index.php\/wp-json\/wp\/v2\/types\/page"}],"author":[{"embeddable":true,"href":"https:\/\/www.bonnier-forages.fr\/index.php\/wp-json\/wp\/v2\/users\/1"}],"replies":[{"embeddable":true,"href":"https:\/\/www.bonnier-forages.fr\/index.php\/wp-json\/wp\/v2\/comments?post=237"}],"version-history":[{"count":0,"href":"https:\/\/www.bonnier-forages.fr\/index.php\/wp-json\/wp\/v2\/pages\/237\/revisions"}],"wp:attachment":[{"href":"https:\/\/www.bonnier-forages.fr\/index.php\/wp-json\/wp\/v2\/media?parent=237"}],"curies":[{"name":"wp","href":"https:\/\/api.w.org\/{rel}","templated":true}]}}