{"id":208,"date":"2022-03-02T14:21:31","date_gmt":"2022-03-02T13:21:31","guid":{"rendered":"http:\/\/www.tilolab.com\/?page_id=208"},"modified":"2022-03-02T14:21:31","modified_gmt":"2022-03-02T13:21:31","slug":"installation-de-pompes","status":"publish","type":"page","link":"http:\/\/www.bonnier-forages.fr\/index.php\/installation-de-pompes\/","title":{"rendered":"Installation de Pompes"},"content":{"rendered":"\t\t<div data-elementor-type=\"wp-page\" data-elementor-id=\"208\" class=\"elementor elementor-208\" data-elementor-post-type=\"page\">\n\t\t\t\t\t\t<section class=\"elementor-section elementor-top-section elementor-element elementor-element-d86d2a1 elementor-section-stretched elementor-section-boxed elementor-section-height-default elementor-section-height-default\" data-id=\"d86d2a1\" data-element_type=\"section\" data-settings=\"{&quot;stretch_section&quot;:&quot;section-stretched&quot;}\">\n\t\t\t\t\t\t<div class=\"elementor-container elementor-column-gap-default\">\n\t\t\t\t\t<div class=\"elementor-column elementor-col-33 elementor-top-column elementor-element elementor-element-d4e3e38\" data-id=\"d4e3e38\" data-element_type=\"column\">\n\t\t\t<div class=\"elementor-widget-wrap elementor-element-populated\">\n\t\t\t\t\t\t<div class=\"elementor-element elementor-element-094bbf0 elementor-widget elementor-widget-text-editor\" data-id=\"094bbf0\" data-element_type=\"widget\" data-widget_type=\"text-editor.default\">\n\t\t\t\t<div class=\"elementor-widget-container\">\n\t\t\t\t\t\t\t\t\t<p>Par ailleurs, notre \u00e9quipe de techniciens exp\u00e9riment\u00e9s poss\u00e8de le savoir-faire n\u00e9cessaire pour l\u2019installation compl\u00e8te de pompes\u00a0:<\/p><ul><li>Pompe immerg\u00e9e pour forage d\u2019eau\u00a0: cette pompe est id\u00e9ale pour r\u00e9cup\u00e9rer l\u2019eau \u00e0 une profondeur importante lorsqu\u2019on ne peut pas l\u2019aspirer depuis la surface. Elles peuvent \u00eatre munies d\u2019un r\u00e9servoir surpresseur permettant un usage domestique tel que l\u2019arrosage du jardin ou l\u2019alimentation en eau potable.<\/li><li aria-level=\"1\">Pompe de surface\u00a0: ce dispositif est con\u00e7u pour \u00eatre plac\u00e9 au-dessus de points d\u2019eau tels que sources et puits. Elle permet un pompage par aspiration jusqu\u2019\u00e0 8 m de profondeur. \u00c9galement appel\u00e9e pompe pour puits, elle permet \u00e9galement un usage domestique (eau potable, arrosage\u2026)<\/li><\/ul>\t\t\t\t\t\t\t\t<\/div>\n\t\t\t\t<\/div>\n\t\t\t\t\t<\/div>\n\t\t<\/div>\n\t\t\t\t<div class=\"elementor-column elementor-col-33 elementor-top-column elementor-element elementor-element-0b68489\" data-id=\"0b68489\" data-element_type=\"column\">\n\t\t\t<div class=\"elementor-widget-wrap elementor-element-populated\">\n\t\t\t\t\t\t<div class=\"elementor-element elementor-element-a726454 elementor-widget elementor-widget-text-editor\" data-id=\"a726454\" data-element_type=\"widget\" data-widget_type=\"text-editor.default\">\n\t\t\t\t<div class=\"elementor-widget-container\">\n\t\t\t\t\t\t\t\t\t<div class=\"col-md-4\"><div class=\"texte bis\"><p>Nos techniciens peuvent aussi vous installer des r\u00e9servoirs et des cuves de stockage selon vos besoins\u00a0:<\/p><br \/><ul><li aria-level=\"1\">R\u00e9servoir galvanis\u00e9e 300L, 500L, 1000L ou R\u00e9servoir \u00e0 membrane (vessie) 100L, 200L, 500L : ce sont des cuves de stockage d\u2019eau qui permettent de distribuer de l\u2019eau sous pression pour votre habitation, votre entreprise ou votre exploitation.\u00a0<\/li><li aria-level=\"1\">Cuves de stockage PVC 5000L, 10000L et plus\u2026<\/li><\/ul><br \/><p>Cette \u00e9quipe de professionnels peuvent r\u00e9pondre \u00e0 vos besoins en vous proposant des prestations de SAV de qualit\u00e9\u00a0:\u00a0<\/p><ul><li aria-level=\"1\">Diagnostics pour toutes pannes<\/li><li aria-level=\"1\">D\u00e9pannage rapide<\/li><li aria-level=\"1\">Entretien, Maintenance \u2026<\/li><\/ul><\/div><\/div>\t\t\t\t\t\t\t\t<\/div>\n\t\t\t\t<\/div>\n\t\t\t\t\t<\/div>\n\t\t<\/div>\n\t\t\t\t<div class=\"elementor-column elementor-col-33 elementor-top-column elementor-element elementor-element-7bebf95\" data-id=\"7bebf95\" data-element_type=\"column\">\n\t\t\t<div class=\"elementor-widget-wrap elementor-element-populated\">\n\t\t\t\t\t\t<div class=\"elementor-element elementor-element-ad13fd8 elementor-widget elementor-widget-image\" data-id=\"ad13fd8\" data-element_type=\"widget\" data-widget_type=\"image.default\">\n\t\t\t\t<div class=\"elementor-widget-container\">\n\t\t\t\t\t\t\t\t\t\t\t\t\t\t\t<img fetchpriority=\"high\" decoding=\"async\" width=\"1024\" height=\"576\" src=\"https:\/\/www.bonnier-forages.fr\/wp-content\/uploads\/2022\/03\/Pompe-1024x576.jpg\" class=\"attachment-large size-large wp-image-116\" alt=\"\" srcset=\"https:\/\/www.bonnier-forages.fr\/wp-content\/uploads\/2022\/03\/Pompe-1024x576.jpg 1024w, https:\/\/www.bonnier-forages.fr\/wp-content\/uploads\/2022\/03\/Pompe-300x169.jpg 300w, https:\/\/www.bonnier-forages.fr\/wp-content\/uploads\/2022\/03\/Pompe-768x432.jpg 768w, https:\/\/www.bonnier-forages.fr\/wp-content\/uploads\/2022\/03\/Pompe.jpg 1280w\" sizes=\"(max-width: 1024px) 100vw, 1024px\" \/>\t\t\t\t\t\t\t\t\t\t\t\t\t\t\t<\/div>\n\t\t\t\t<\/div>\n\t\t\t\t\t<\/div>\n\t\t<\/div>\n\t\t\t\t\t<\/div>\n\t\t<\/section>\n\t\t\t\t<\/div>\n\t\t","protected":false},"excerpt":{"rendered":"<p>Par ailleurs, notre \u00e9quipe de techniciens exp\u00e9riment\u00e9s poss\u00e8de le savoir-faire n\u00e9cessaire pour l\u2019installation compl\u00e8te de pompes\u00a0: Pompe immerg\u00e9e pour forage d\u2019eau\u00a0: cette pompe est id\u00e9ale pour r\u00e9cup\u00e9rer l\u2019eau \u00e0 une profondeur importante lorsqu\u2019on ne peut pas l\u2019aspirer depuis la surface. Elles peuvent \u00eatre munies d\u2019un r\u00e9servoir surpresseur permettant un usage domestique tel que l\u2019arrosage du [&hellip;]<\/p>\n","protected":false},"author":1,"featured_media":0,"parent":0,"menu_order":0,"comment_status":"closed","ping_status":"closed","template":"","meta":{"om_disable_all_campaigns":false,"site-sidebar-layout":"default","site-content-layout":"","ast-site-content-layout":"","site-content-style":"default","site-sidebar-style":"default","ast-global-header-display":"","ast-banner-title-visibility":"","ast-main-header-display":"","ast-hfb-above-header-display":"","ast-hfb-below-header-display":"","ast-hfb-mobile-header-display":"","site-post-title":"","ast-breadcrumbs-content":"","ast-featured-img":"","footer-sml-layout":"","theme-transparent-header-meta":"","adv-header-id-meta":"","stick-header-meta":"","header-above-stick-meta":"","header-main-stick-meta":"","header-below-stick-meta":"","astra-migrate-meta-layouts":"default","ast-page-background-enabled":"default","ast-page-background-meta":{"desktop":{"background-color":"var(--ast-global-color-4)","background-image":"","background-repeat":"repeat","background-position":"center center","background-size":"auto","background-attachment":"scroll","background-type":"","background-media":"","overlay-type":"","overlay-color":"","overlay-opacity":"","overlay-gradient":""},"tablet":{"background-color":"","background-image":"","background-repeat":"repeat","background-position":"center center","background-size":"auto","background-attachment":"scroll","background-type":"","background-media":"","overlay-type":"","overlay-color":"","overlay-opacity":"","overlay-gradient":""},"mobile":{"background-color":"","background-image":"","background-repeat":"repeat","background-position":"center center","background-size":"auto","background-attachment":"scroll","background-type":"","background-media":"","overlay-type":"","overlay-color":"","overlay-opacity":"","overlay-gradient":""}},"ast-content-background-meta":{"desktop":{"background-color":"var(--ast-global-color-5)","background-image":"","background-repeat":"repeat","background-position":"center center","background-size":"auto","background-attachment":"scroll","background-type":"","background-media":"","overlay-type":"","overlay-color":"","overlay-opacity":"","overlay-gradient":""},"tablet":{"background-color":"var(--ast-global-color-5)","background-image":"","background-repeat":"repeat","background-position":"center center","background-size":"auto","background-attachment":"scroll","background-type":"","background-media":"","overlay-type":"","overlay-color":"","overlay-opacity":"","overlay-gradient":""},"mobile":{"background-color":"var(--ast-global-color-5)","background-image":"","background-repeat":"repeat","background-position":"center center","background-size":"auto","background-attachment":"scroll","background-type":"","background-media":"","overlay-type":"","overlay-color":"","overlay-opacity":"","overlay-gradient":""}},"footnotes":""},"class_list":["post-208","page","type-page","status-publish","hentry"],"yoast_head":"<!-- This site is optimized with the Yoast SEO plugin v24.1 - https:\/\/yoast.com\/wordpress\/plugins\/seo\/ -->\n<title>Installation de Pompes - Bonnier Forages<\/title>\n<meta name=\"description\" content=\"BONNIER FORAGES est une entreprise familiale sp\u00e9cialis\u00e9e dans la r\u00e9alisation de tous types de forages verticaux depuis 1964.\" \/>\n<meta name=\"robots\" content=\"index, follow, max-snippet:-1, max-image-preview:large, max-video-preview:-1\" \/>\n<link rel=\"canonical\" href=\"https:\/\/www.bonnier-forages.fr\/index.php\/installation-de-pompes\/\" \/>\n<meta property=\"og:locale\" content=\"fr_FR\" \/>\n<meta property=\"og:type\" content=\"article\" \/>\n<meta property=\"og:title\" content=\"Installation de Pompes - Bonnier Forages\" \/>\n<meta property=\"og:description\" content=\"BONNIER FORAGES est une entreprise familiale sp\u00e9cialis\u00e9e dans la r\u00e9alisation de tous types de forages verticaux depuis 1964.\" \/>\n<meta property=\"og:url\" content=\"https:\/\/www.bonnier-forages.fr\/index.php\/installation-de-pompes\/\" \/>\n<meta property=\"og:site_name\" content=\"Bonnier Forages\" \/>\n<meta property=\"og:image\" content=\"http:\/\/www.bonnier-forages.fr\/wp-content\/uploads\/2022\/03\/Pompe-1024x576.jpg\" \/>\n<meta name=\"twitter:card\" content=\"summary_large_image\" \/>\n<meta name=\"twitter:label1\" content=\"Dur\u00e9e de lecture estim\u00e9e\" \/>\n\t<meta name=\"twitter:data1\" content=\"1 minute\" \/>\n<script type=\"application\/ld+json\" class=\"yoast-schema-graph\">{\"@context\":\"https:\/\/schema.org\",\"@graph\":[{\"@type\":\"WebPage\",\"@id\":\"https:\/\/www.bonnier-forages.fr\/index.php\/installation-de-pompes\/\",\"url\":\"https:\/\/www.bonnier-forages.fr\/index.php\/installation-de-pompes\/\",\"name\":\"Installation de Pompes - Bonnier Forages\",\"isPartOf\":{\"@id\":\"https:\/\/www.bonnier-forages.fr\/#website\"},\"primaryImageOfPage\":{\"@id\":\"https:\/\/www.bonnier-forages.fr\/index.php\/installation-de-pompes\/#primaryimage\"},\"image\":{\"@id\":\"https:\/\/www.bonnier-forages.fr\/index.php\/installation-de-pompes\/#primaryimage\"},\"thumbnailUrl\":\"http:\/\/www.bonnier-forages.fr\/wp-content\/uploads\/2022\/03\/Pompe-1024x576.jpg\",\"datePublished\":\"2022-03-02T13:21:31+00:00\",\"dateModified\":\"2022-03-02T13:21:31+00:00\",\"description\":\"BONNIER FORAGES est une entreprise familiale sp\u00e9cialis\u00e9e dans la r\u00e9alisation de tous types de forages verticaux depuis 1964.\",\"breadcrumb\":{\"@id\":\"https:\/\/www.bonnier-forages.fr\/index.php\/installation-de-pompes\/#breadcrumb\"},\"inLanguage\":\"fr-FR\",\"potentialAction\":[{\"@type\":\"ReadAction\",\"target\":[\"https:\/\/www.bonnier-forages.fr\/index.php\/installation-de-pompes\/\"]}]},{\"@type\":\"ImageObject\",\"inLanguage\":\"fr-FR\",\"@id\":\"https:\/\/www.bonnier-forages.fr\/index.php\/installation-de-pompes\/#primaryimage\",\"url\":\"http:\/\/www.bonnier-forages.fr\/wp-content\/uploads\/2022\/03\/Pompe-1024x576.jpg\",\"contentUrl\":\"http:\/\/www.bonnier-forages.fr\/wp-content\/uploads\/2022\/03\/Pompe-1024x576.jpg\"},{\"@type\":\"BreadcrumbList\",\"@id\":\"https:\/\/www.bonnier-forages.fr\/index.php\/installation-de-pompes\/#breadcrumb\",\"itemListElement\":[{\"@type\":\"ListItem\",\"position\":1,\"name\":\"Accueil\",\"item\":\"https:\/\/www.bonnier-forages.fr\/\"},{\"@type\":\"ListItem\",\"position\":2,\"name\":\"Installation de Pompes\"}]},{\"@type\":\"WebSite\",\"@id\":\"https:\/\/www.bonnier-forages.fr\/#website\",\"url\":\"https:\/\/www.bonnier-forages.fr\/\",\"name\":\"Bonnier Forages\",\"description\":\"\",\"publisher\":{\"@id\":\"https:\/\/www.bonnier-forages.fr\/#organization\"},\"potentialAction\":[{\"@type\":\"SearchAction\",\"target\":{\"@type\":\"EntryPoint\",\"urlTemplate\":\"https:\/\/www.bonnier-forages.fr\/?s={search_term_string}\"},\"query-input\":{\"@type\":\"PropertyValueSpecification\",\"valueRequired\":true,\"valueName\":\"search_term_string\"}}],\"inLanguage\":\"fr-FR\"},{\"@type\":\"Organization\",\"@id\":\"https:\/\/www.bonnier-forages.fr\/#organization\",\"name\":\"Bonnier Forage\",\"url\":\"https:\/\/www.bonnier-forages.fr\/\",\"logo\":{\"@type\":\"ImageObject\",\"inLanguage\":\"fr-FR\",\"@id\":\"https:\/\/www.bonnier-forages.fr\/#\/schema\/logo\/image\/\",\"url\":\"https:\/\/www.bonnier-forages.fr\/wp-content\/uploads\/2022\/03\/cropped-Logo.png\",\"contentUrl\":\"https:\/\/www.bonnier-forages.fr\/wp-content\/uploads\/2022\/03\/cropped-Logo.png\",\"width\":309,\"height\":100,\"caption\":\"Bonnier Forage\"},\"image\":{\"@id\":\"https:\/\/www.bonnier-forages.fr\/#\/schema\/logo\/image\/\"}}]}<\/script>\n<!-- \/ Yoast SEO plugin. -->","yoast_head_json":{"title":"Installation de Pompes - Bonnier Forages","description":"BONNIER FORAGES est une entreprise familiale sp\u00e9cialis\u00e9e dans la r\u00e9alisation de tous types de forages verticaux depuis 1964.","robots":{"index":"index","follow":"follow","max-snippet":"max-snippet:-1","max-image-preview":"max-image-preview:large","max-video-preview":"max-video-preview:-1"},"canonical":"https:\/\/www.bonnier-forages.fr\/index.php\/installation-de-pompes\/","og_locale":"fr_FR","og_type":"article","og_title":"Installation de Pompes - Bonnier Forages","og_description":"BONNIER FORAGES est une entreprise familiale sp\u00e9cialis\u00e9e dans la r\u00e9alisation de tous types de forages verticaux depuis 1964.","og_url":"https:\/\/www.bonnier-forages.fr\/index.php\/installation-de-pompes\/","og_site_name":"Bonnier Forages","og_image":[{"url":"http:\/\/www.bonnier-forages.fr\/wp-content\/uploads\/2022\/03\/Pompe-1024x576.jpg","type":"","width":"","height":""}],"twitter_card":"summary_large_image","twitter_misc":{"Dur\u00e9e de lecture estim\u00e9e":"1 minute"},"schema":{"@context":"https:\/\/schema.org","@graph":[{"@type":"WebPage","@id":"https:\/\/www.bonnier-forages.fr\/index.php\/installation-de-pompes\/","url":"https:\/\/www.bonnier-forages.fr\/index.php\/installation-de-pompes\/","name":"Installation de Pompes - Bonnier Forages","isPartOf":{"@id":"https:\/\/www.bonnier-forages.fr\/#website"},"primaryImageOfPage":{"@id":"https:\/\/www.bonnier-forages.fr\/index.php\/installation-de-pompes\/#primaryimage"},"image":{"@id":"https:\/\/www.bonnier-forages.fr\/index.php\/installation-de-pompes\/#primaryimage"},"thumbnailUrl":"http:\/\/www.bonnier-forages.fr\/wp-content\/uploads\/2022\/03\/Pompe-1024x576.jpg","datePublished":"2022-03-02T13:21:31+00:00","dateModified":"2022-03-02T13:21:31+00:00","description":"BONNIER FORAGES est une entreprise familiale sp\u00e9cialis\u00e9e dans la r\u00e9alisation de tous types de forages verticaux depuis 1964.","breadcrumb":{"@id":"https:\/\/www.bonnier-forages.fr\/index.php\/installation-de-pompes\/#breadcrumb"},"inLanguage":"fr-FR","potentialAction":[{"@type":"ReadAction","target":["https:\/\/www.bonnier-forages.fr\/index.php\/installation-de-pompes\/"]}]},{"@type":"ImageObject","inLanguage":"fr-FR","@id":"https:\/\/www.bonnier-forages.fr\/index.php\/installation-de-pompes\/#primaryimage","url":"http:\/\/www.bonnier-forages.fr\/wp-content\/uploads\/2022\/03\/Pompe-1024x576.jpg","contentUrl":"http:\/\/www.bonnier-forages.fr\/wp-content\/uploads\/2022\/03\/Pompe-1024x576.jpg"},{"@type":"BreadcrumbList","@id":"https:\/\/www.bonnier-forages.fr\/index.php\/installation-de-pompes\/#breadcrumb","itemListElement":[{"@type":"ListItem","position":1,"name":"Accueil","item":"https:\/\/www.bonnier-forages.fr\/"},{"@type":"ListItem","position":2,"name":"Installation de Pompes"}]},{"@type":"WebSite","@id":"https:\/\/www.bonnier-forages.fr\/#website","url":"https:\/\/www.bonnier-forages.fr\/","name":"Bonnier Forages","description":"","publisher":{"@id":"https:\/\/www.bonnier-forages.fr\/#organization"},"potentialAction":[{"@type":"SearchAction","target":{"@type":"EntryPoint","urlTemplate":"https:\/\/www.bonnier-forages.fr\/?s={search_term_string}"},"query-input":{"@type":"PropertyValueSpecification","valueRequired":true,"valueName":"search_term_string"}}],"inLanguage":"fr-FR"},{"@type":"Organization","@id":"https:\/\/www.bonnier-forages.fr\/#organization","name":"Bonnier Forage","url":"https:\/\/www.bonnier-forages.fr\/","logo":{"@type":"ImageObject","inLanguage":"fr-FR","@id":"https:\/\/www.bonnier-forages.fr\/#\/schema\/logo\/image\/","url":"https:\/\/www.bonnier-forages.fr\/wp-content\/uploads\/2022\/03\/cropped-Logo.png","contentUrl":"https:\/\/www.bonnier-forages.fr\/wp-content\/uploads\/2022\/03\/cropped-Logo.png","width":309,"height":100,"caption":"Bonnier Forage"},"image":{"@id":"https:\/\/www.bonnier-forages.fr\/#\/schema\/logo\/image\/"}}]}},"_links":{"self":[{"href":"http:\/\/www.bonnier-forages.fr\/index.php\/wp-json\/wp\/v2\/pages\/208","targetHints":{"allow":["GET"]}}],"collection":[{"href":"http:\/\/www.bonnier-forages.fr\/index.php\/wp-json\/wp\/v2\/pages"}],"about":[{"href":"http:\/\/www.bonnier-forages.fr\/index.php\/wp-json\/wp\/v2\/types\/page"}],"author":[{"embeddable":true,"href":"http:\/\/www.bonnier-forages.fr\/index.php\/wp-json\/wp\/v2\/users\/1"}],"replies":[{"embeddable":true,"href":"http:\/\/www.bonnier-forages.fr\/index.php\/wp-json\/wp\/v2\/comments?post=208"}],"version-history":[{"count":0,"href":"http:\/\/www.bonnier-forages.fr\/index.php\/wp-json\/wp\/v2\/pages\/208\/revisions"}],"wp:attachment":[{"href":"http:\/\/www.bonnier-forages.fr\/index.php\/wp-json\/wp\/v2\/media?parent=208"}],"curies":[{"name":"wp","href":"https:\/\/api.w.org\/{rel}","templated":true}]}}