{"id":201,"date":"2022-03-02T14:13:12","date_gmt":"2022-03-02T13:13:12","guid":{"rendered":"http:\/\/www.tilolab.com\/?page_id=201"},"modified":"2022-10-27T21:06:17","modified_gmt":"2022-10-27T19:06:17","slug":"forage-geothermique","status":"publish","type":"page","link":"http:\/\/www.bonnier-forages.fr\/index.php\/forage-geothermique\/","title":{"rendered":"Forage G\u00e9othermique"},"content":{"rendered":"\t\t<div data-elementor-type=\"wp-page\" data-elementor-id=\"201\" class=\"elementor elementor-201\" data-elementor-post-type=\"page\">\n\t\t\t\t\t\t<section class=\"elementor-section elementor-top-section elementor-element elementor-element-4e8bb8d elementor-section-stretched elementor-section-boxed elementor-section-height-default elementor-section-height-default\" data-id=\"4e8bb8d\" data-element_type=\"section\" data-settings=\"{&quot;stretch_section&quot;:&quot;section-stretched&quot;}\">\n\t\t\t\t\t\t<div class=\"elementor-container elementor-column-gap-default\">\n\t\t\t\t\t<div class=\"elementor-column elementor-col-50 elementor-top-column elementor-element elementor-element-aec61c7\" data-id=\"aec61c7\" data-element_type=\"column\">\n\t\t\t<div class=\"elementor-widget-wrap elementor-element-populated\">\n\t\t\t\t\t\t<div class=\"elementor-element elementor-element-061b8db elementor-widget elementor-widget-text-editor\" data-id=\"061b8db\" data-element_type=\"widget\" data-widget_type=\"text-editor.default\">\n\t\t\t\t<div class=\"elementor-widget-container\">\n\t\t\t\t\t\t\t\t\t<p id=\"docs-internal-guid-de8308d8-7fff-4197-a49a-90df6d6cadb9\" dir=\"ltr\" style=\"line-height: 1.295; text-align: justify; margin-top: 0pt; margin-bottom: 8pt;\"><span style=\"font-size: 12pt; font-family: Calibri,sans-serif; color: #000000; background-color: transparent; font-weight: 400; font-style: normal; font-variant: normal; text-decoration: none; vertical-align: baseline; white-space: pre-wrap;\">La g\u00e9othermie est un syst\u00e8me de chauffage qui fonctionne gr\u00e2ce \u00e0 l\u2019installation d\u2019une ou plusieurs sondes implant\u00e9es dans un ou plusieurs forages verticaux. La profondeur du ou des forages se calcule selon les besoins de la pompe \u00e0 chaleur install\u00e9e par le chauffagiste. Le liquide caloporteur ins\u00e9r\u00e9 dans la ou les sondes permet de r\u00e9cup\u00e9rer les calories du sous-sol. <\/span><\/p><p dir=\"ltr\" style=\"line-height: 1.295; text-align: justify; margin-top: 0pt; margin-bottom: 8pt;\"><span style=\"font-size: 12pt; font-family: Calibri,sans-serif; color: #000000; background-color: transparent; font-weight: 400; font-style: normal; font-variant: normal; text-decoration: none; vertical-align: baseline; white-space: pre-wrap;\">Ce syst\u00e8me de chauffage est adapt\u00e9 \u00e0 tous types de b\u00e2timents (neuf, ancien, r\u00e9sidentiel, tertiaire, industriel &#8230;) et toutes tailles (de la maison individuelle aux grands immeubles du tertiaire).<\/span><\/p>\t\t\t\t\t\t\t\t<\/div>\n\t\t\t\t<\/div>\n\t\t\t\t\t<\/div>\n\t\t<\/div>\n\t\t\t\t<div class=\"elementor-column elementor-col-50 elementor-top-column elementor-element elementor-element-cdeb63d\" data-id=\"cdeb63d\" data-element_type=\"column\">\n\t\t\t<div class=\"elementor-widget-wrap elementor-element-populated\">\n\t\t\t\t\t\t<div class=\"elementor-element elementor-element-5b66b13 elementor-widget elementor-widget-image\" data-id=\"5b66b13\" data-element_type=\"widget\" data-widget_type=\"image.default\">\n\t\t\t\t<div class=\"elementor-widget-container\">\n\t\t\t\t\t\t\t\t\t\t\t\t\t\t\t<img fetchpriority=\"high\" decoding=\"async\" width=\"1024\" height=\"768\" src=\"https:\/\/www.bonnier-forages.fr\/wp-content\/uploads\/2022\/06\/FORAGE-GEO-IMG_0522-scaled-1-1024x768.jpg\" class=\"attachment-large size-large wp-image-661\" alt=\"\" srcset=\"https:\/\/www.bonnier-forages.fr\/wp-content\/uploads\/2022\/06\/FORAGE-GEO-IMG_0522-scaled-1-1024x768.jpg 1024w, https:\/\/www.bonnier-forages.fr\/wp-content\/uploads\/2022\/06\/FORAGE-GEO-IMG_0522-scaled-1-300x225.jpg 300w, https:\/\/www.bonnier-forages.fr\/wp-content\/uploads\/2022\/06\/FORAGE-GEO-IMG_0522-scaled-1-768x576.jpg 768w, https:\/\/www.bonnier-forages.fr\/wp-content\/uploads\/2022\/06\/FORAGE-GEO-IMG_0522-scaled-1-1536x1152.jpg 1536w, https:\/\/www.bonnier-forages.fr\/wp-content\/uploads\/2022\/06\/FORAGE-GEO-IMG_0522-scaled-1-2048x1536.jpg 2048w, https:\/\/www.bonnier-forages.fr\/wp-content\/uploads\/2022\/06\/FORAGE-GEO-IMG_0522-scaled-1-1568x1176.jpg 1568w\" sizes=\"(max-width: 1024px) 100vw, 1024px\" \/>\t\t\t\t\t\t\t\t\t\t\t\t\t\t\t<\/div>\n\t\t\t\t<\/div>\n\t\t\t\t<div class=\"elementor-element elementor-element-8bac50a elementor-widget elementor-widget-text-editor\" data-id=\"8bac50a\" data-element_type=\"widget\" data-widget_type=\"text-editor.default\">\n\t\t\t\t<div class=\"elementor-widget-container\">\n\t\t\t\t\t\t\t\t\t<p>Quelle que soit la nature g\u00e9ologique du sous-sol, l\u2019entreprise BONNIER FORAGES est en mesure de r\u00e9aliser vos forages g\u00e9othermie suivant la m\u00e9thode la mieux adapt\u00e9e\u00a0:<\/p><ul><li aria-level=\"1\">Foration Marteau Fond de Trou (MFT)<\/li><li aria-level=\"1\">Foration Double T\u00eate<\/li><li aria-level=\"1\">Foration Tubage \u00e0 l\u2019avancement<\/li><\/ul><p>\u00a0<\/p><p>Nous r\u00e9alisons des forages g\u00e9othermie jusqu\u2019\u00e0 200 m de profondeur. Nos forages sont \u00e9quip\u00e9s de sondes en double U avec une garantie constructeur. Nous pouvons r\u00e9aliser la pose de collecteur si n\u00e9cessaire. Nous effectuons les tranch\u00e9es de liaisons et les raccordements \u00e9lectro-soudables des sondes jusqu\u2019\u00e0 votre local technique et la mise en service du liquide caloporteur.<\/p><p>\u00a0<\/p>\t\t\t\t\t\t\t\t<\/div>\n\t\t\t\t<\/div>\n\t\t\t\t\t<\/div>\n\t\t<\/div>\n\t\t\t\t\t<\/div>\n\t\t<\/section>\n\t\t\t\t<\/div>\n\t\t","protected":false},"excerpt":{"rendered":"<p>La g\u00e9othermie est un syst\u00e8me de chauffage qui fonctionne gr\u00e2ce \u00e0 l\u2019installation d\u2019une ou plusieurs sondes implant\u00e9es dans un ou plusieurs forages verticaux. La profondeur du ou des forages se calcule selon les besoins de la pompe \u00e0 chaleur install\u00e9e par le chauffagiste. Le liquide caloporteur ins\u00e9r\u00e9 dans la ou les sondes permet de r\u00e9cup\u00e9rer [&hellip;]<\/p>\n","protected":false},"author":1,"featured_media":0,"parent":0,"menu_order":0,"comment_status":"closed","ping_status":"closed","template":"elementor_theme","meta":{"om_disable_all_campaigns":false,"site-sidebar-layout":"default","site-content-layout":"","ast-site-content-layout":"","site-content-style":"default","site-sidebar-style":"default","ast-global-header-display":"","ast-banner-title-visibility":"","ast-main-header-display":"","ast-hfb-above-header-display":"","ast-hfb-below-header-display":"","ast-hfb-mobile-header-display":"","site-post-title":"","ast-breadcrumbs-content":"","ast-featured-img":"","footer-sml-layout":"","theme-transparent-header-meta":"","adv-header-id-meta":"","stick-header-meta":"","header-above-stick-meta":"","header-main-stick-meta":"","header-below-stick-meta":"","astra-migrate-meta-layouts":"default","ast-page-background-enabled":"default","ast-page-background-meta":{"desktop":{"background-color":"var(--ast-global-color-4)","background-image":"","background-repeat":"repeat","background-position":"center center","background-size":"auto","background-attachment":"scroll","background-type":"","background-media":"","overlay-type":"","overlay-color":"","overlay-opacity":"","overlay-gradient":""},"tablet":{"background-color":"","background-image":"","background-repeat":"repeat","background-position":"center center","background-size":"auto","background-attachment":"scroll","background-type":"","background-media":"","overlay-type":"","overlay-color":"","overlay-opacity":"","overlay-gradient":""},"mobile":{"background-color":"","background-image":"","background-repeat":"repeat","background-position":"center center","background-size":"auto","background-attachment":"scroll","background-type":"","background-media":"","overlay-type":"","overlay-color":"","overlay-opacity":"","overlay-gradient":""}},"ast-content-background-meta":{"desktop":{"background-color":"var(--ast-global-color-5)","background-image":"","background-repeat":"repeat","background-position":"center center","background-size":"auto","background-attachment":"scroll","background-type":"","background-media":"","overlay-type":"","overlay-color":"","overlay-opacity":"","overlay-gradient":""},"tablet":{"background-color":"var(--ast-global-color-5)","background-image":"","background-repeat":"repeat","background-position":"center center","background-size":"auto","background-attachment":"scroll","background-type":"","background-media":"","overlay-type":"","overlay-color":"","overlay-opacity":"","overlay-gradient":""},"mobile":{"background-color":"var(--ast-global-color-5)","background-image":"","background-repeat":"repeat","background-position":"center center","background-size":"auto","background-attachment":"scroll","background-type":"","background-media":"","overlay-type":"","overlay-color":"","overlay-opacity":"","overlay-gradient":""}},"footnotes":""},"class_list":["post-201","page","type-page","status-publish","hentry"],"yoast_head":"<!-- This site is optimized with the Yoast SEO plugin v24.1 - https:\/\/yoast.com\/wordpress\/plugins\/seo\/ -->\n<title>Forage G\u00e9othermique - Bonnier Forages<\/title>\n<meta name=\"description\" content=\"BONNIER FORAGES est une entreprise familiale sp\u00e9cialis\u00e9e dans la r\u00e9alisation de tous types de forages verticaux depuis 1964.\" \/>\n<meta name=\"robots\" content=\"index, follow, max-snippet:-1, max-image-preview:large, max-video-preview:-1\" \/>\n<link rel=\"canonical\" href=\"https:\/\/www.bonnier-forages.fr\/index.php\/forage-geothermique\/\" \/>\n<meta property=\"og:locale\" content=\"fr_FR\" \/>\n<meta property=\"og:type\" content=\"article\" \/>\n<meta property=\"og:title\" content=\"Forage G\u00e9othermique - Bonnier Forages\" \/>\n<meta property=\"og:description\" content=\"BONNIER FORAGES est une entreprise familiale sp\u00e9cialis\u00e9e dans la r\u00e9alisation de tous types de forages verticaux depuis 1964.\" \/>\n<meta property=\"og:url\" content=\"https:\/\/www.bonnier-forages.fr\/index.php\/forage-geothermique\/\" \/>\n<meta property=\"og:site_name\" content=\"Bonnier Forages\" \/>\n<meta property=\"article:modified_time\" content=\"2022-10-27T19:06:17+00:00\" \/>\n<meta property=\"og:image\" content=\"https:\/\/www.bonnier-forages.fr\/wp-content\/uploads\/2022\/06\/FORAGE-GEO-IMG_0522-scaled-1-1024x768.jpg\" \/>\n<meta name=\"twitter:card\" content=\"summary_large_image\" \/>\n<meta name=\"twitter:label1\" content=\"Dur\u00e9e de lecture estim\u00e9e\" \/>\n\t<meta name=\"twitter:data1\" content=\"1 minute\" \/>\n<script type=\"application\/ld+json\" class=\"yoast-schema-graph\">{\"@context\":\"https:\/\/schema.org\",\"@graph\":[{\"@type\":\"WebPage\",\"@id\":\"https:\/\/www.bonnier-forages.fr\/index.php\/forage-geothermique\/\",\"url\":\"https:\/\/www.bonnier-forages.fr\/index.php\/forage-geothermique\/\",\"name\":\"Forage G\u00e9othermique - Bonnier Forages\",\"isPartOf\":{\"@id\":\"http:\/\/www.bonnier-forages.fr\/#website\"},\"primaryImageOfPage\":{\"@id\":\"https:\/\/www.bonnier-forages.fr\/index.php\/forage-geothermique\/#primaryimage\"},\"image\":{\"@id\":\"https:\/\/www.bonnier-forages.fr\/index.php\/forage-geothermique\/#primaryimage\"},\"thumbnailUrl\":\"https:\/\/www.bonnier-forages.fr\/wp-content\/uploads\/2022\/06\/FORAGE-GEO-IMG_0522-scaled-1-1024x768.jpg\",\"datePublished\":\"2022-03-02T13:13:12+00:00\",\"dateModified\":\"2022-10-27T19:06:17+00:00\",\"description\":\"BONNIER FORAGES est une entreprise familiale sp\u00e9cialis\u00e9e dans la r\u00e9alisation de tous types de forages verticaux depuis 1964.\",\"breadcrumb\":{\"@id\":\"https:\/\/www.bonnier-forages.fr\/index.php\/forage-geothermique\/#breadcrumb\"},\"inLanguage\":\"fr-FR\",\"potentialAction\":[{\"@type\":\"ReadAction\",\"target\":[\"https:\/\/www.bonnier-forages.fr\/index.php\/forage-geothermique\/\"]}]},{\"@type\":\"ImageObject\",\"inLanguage\":\"fr-FR\",\"@id\":\"https:\/\/www.bonnier-forages.fr\/index.php\/forage-geothermique\/#primaryimage\",\"url\":\"https:\/\/www.bonnier-forages.fr\/wp-content\/uploads\/2022\/06\/FORAGE-GEO-IMG_0522-scaled-1.jpg\",\"contentUrl\":\"https:\/\/www.bonnier-forages.fr\/wp-content\/uploads\/2022\/06\/FORAGE-GEO-IMG_0522-scaled-1.jpg\",\"width\":2560,\"height\":1920},{\"@type\":\"BreadcrumbList\",\"@id\":\"https:\/\/www.bonnier-forages.fr\/index.php\/forage-geothermique\/#breadcrumb\",\"itemListElement\":[{\"@type\":\"ListItem\",\"position\":1,\"name\":\"Accueil\",\"item\":\"http:\/\/www.bonnier-forages.fr\/\"},{\"@type\":\"ListItem\",\"position\":2,\"name\":\"Forage G\u00e9othermique\"}]},{\"@type\":\"WebSite\",\"@id\":\"http:\/\/www.bonnier-forages.fr\/#website\",\"url\":\"http:\/\/www.bonnier-forages.fr\/\",\"name\":\"Bonnier Forages\",\"description\":\"\",\"publisher\":{\"@id\":\"http:\/\/www.bonnier-forages.fr\/#organization\"},\"potentialAction\":[{\"@type\":\"SearchAction\",\"target\":{\"@type\":\"EntryPoint\",\"urlTemplate\":\"http:\/\/www.bonnier-forages.fr\/?s={search_term_string}\"},\"query-input\":{\"@type\":\"PropertyValueSpecification\",\"valueRequired\":true,\"valueName\":\"search_term_string\"}}],\"inLanguage\":\"fr-FR\"},{\"@type\":\"Organization\",\"@id\":\"http:\/\/www.bonnier-forages.fr\/#organization\",\"name\":\"Bonnier Forage\",\"url\":\"http:\/\/www.bonnier-forages.fr\/\",\"logo\":{\"@type\":\"ImageObject\",\"inLanguage\":\"fr-FR\",\"@id\":\"http:\/\/www.bonnier-forages.fr\/#\/schema\/logo\/image\/\",\"url\":\"https:\/\/www.bonnier-forages.fr\/wp-content\/uploads\/2022\/03\/cropped-Logo.png\",\"contentUrl\":\"https:\/\/www.bonnier-forages.fr\/wp-content\/uploads\/2022\/03\/cropped-Logo.png\",\"width\":309,\"height\":100,\"caption\":\"Bonnier Forage\"},\"image\":{\"@id\":\"http:\/\/www.bonnier-forages.fr\/#\/schema\/logo\/image\/\"}}]}<\/script>\n<!-- \/ Yoast SEO plugin. -->","yoast_head_json":{"title":"Forage G\u00e9othermique - Bonnier Forages","description":"BONNIER FORAGES est une entreprise familiale sp\u00e9cialis\u00e9e dans la r\u00e9alisation de tous types de forages verticaux depuis 1964.","robots":{"index":"index","follow":"follow","max-snippet":"max-snippet:-1","max-image-preview":"max-image-preview:large","max-video-preview":"max-video-preview:-1"},"canonical":"https:\/\/www.bonnier-forages.fr\/index.php\/forage-geothermique\/","og_locale":"fr_FR","og_type":"article","og_title":"Forage G\u00e9othermique - Bonnier Forages","og_description":"BONNIER FORAGES est une entreprise familiale sp\u00e9cialis\u00e9e dans la r\u00e9alisation de tous types de forages verticaux depuis 1964.","og_url":"https:\/\/www.bonnier-forages.fr\/index.php\/forage-geothermique\/","og_site_name":"Bonnier Forages","article_modified_time":"2022-10-27T19:06:17+00:00","og_image":[{"url":"https:\/\/www.bonnier-forages.fr\/wp-content\/uploads\/2022\/06\/FORAGE-GEO-IMG_0522-scaled-1-1024x768.jpg","type":"","width":"","height":""}],"twitter_card":"summary_large_image","twitter_misc":{"Dur\u00e9e de lecture estim\u00e9e":"1 minute"},"schema":{"@context":"https:\/\/schema.org","@graph":[{"@type":"WebPage","@id":"https:\/\/www.bonnier-forages.fr\/index.php\/forage-geothermique\/","url":"https:\/\/www.bonnier-forages.fr\/index.php\/forage-geothermique\/","name":"Forage G\u00e9othermique - Bonnier Forages","isPartOf":{"@id":"http:\/\/www.bonnier-forages.fr\/#website"},"primaryImageOfPage":{"@id":"https:\/\/www.bonnier-forages.fr\/index.php\/forage-geothermique\/#primaryimage"},"image":{"@id":"https:\/\/www.bonnier-forages.fr\/index.php\/forage-geothermique\/#primaryimage"},"thumbnailUrl":"https:\/\/www.bonnier-forages.fr\/wp-content\/uploads\/2022\/06\/FORAGE-GEO-IMG_0522-scaled-1-1024x768.jpg","datePublished":"2022-03-02T13:13:12+00:00","dateModified":"2022-10-27T19:06:17+00:00","description":"BONNIER FORAGES est une entreprise familiale sp\u00e9cialis\u00e9e dans la r\u00e9alisation de tous types de forages verticaux depuis 1964.","breadcrumb":{"@id":"https:\/\/www.bonnier-forages.fr\/index.php\/forage-geothermique\/#breadcrumb"},"inLanguage":"fr-FR","potentialAction":[{"@type":"ReadAction","target":["https:\/\/www.bonnier-forages.fr\/index.php\/forage-geothermique\/"]}]},{"@type":"ImageObject","inLanguage":"fr-FR","@id":"https:\/\/www.bonnier-forages.fr\/index.php\/forage-geothermique\/#primaryimage","url":"https:\/\/www.bonnier-forages.fr\/wp-content\/uploads\/2022\/06\/FORAGE-GEO-IMG_0522-scaled-1.jpg","contentUrl":"https:\/\/www.bonnier-forages.fr\/wp-content\/uploads\/2022\/06\/FORAGE-GEO-IMG_0522-scaled-1.jpg","width":2560,"height":1920},{"@type":"BreadcrumbList","@id":"https:\/\/www.bonnier-forages.fr\/index.php\/forage-geothermique\/#breadcrumb","itemListElement":[{"@type":"ListItem","position":1,"name":"Accueil","item":"http:\/\/www.bonnier-forages.fr\/"},{"@type":"ListItem","position":2,"name":"Forage G\u00e9othermique"}]},{"@type":"WebSite","@id":"http:\/\/www.bonnier-forages.fr\/#website","url":"http:\/\/www.bonnier-forages.fr\/","name":"Bonnier Forages","description":"","publisher":{"@id":"http:\/\/www.bonnier-forages.fr\/#organization"},"potentialAction":[{"@type":"SearchAction","target":{"@type":"EntryPoint","urlTemplate":"http:\/\/www.bonnier-forages.fr\/?s={search_term_string}"},"query-input":{"@type":"PropertyValueSpecification","valueRequired":true,"valueName":"search_term_string"}}],"inLanguage":"fr-FR"},{"@type":"Organization","@id":"http:\/\/www.bonnier-forages.fr\/#organization","name":"Bonnier Forage","url":"http:\/\/www.bonnier-forages.fr\/","logo":{"@type":"ImageObject","inLanguage":"fr-FR","@id":"http:\/\/www.bonnier-forages.fr\/#\/schema\/logo\/image\/","url":"https:\/\/www.bonnier-forages.fr\/wp-content\/uploads\/2022\/03\/cropped-Logo.png","contentUrl":"https:\/\/www.bonnier-forages.fr\/wp-content\/uploads\/2022\/03\/cropped-Logo.png","width":309,"height":100,"caption":"Bonnier Forage"},"image":{"@id":"http:\/\/www.bonnier-forages.fr\/#\/schema\/logo\/image\/"}}]}},"_links":{"self":[{"href":"http:\/\/www.bonnier-forages.fr\/index.php\/wp-json\/wp\/v2\/pages\/201","targetHints":{"allow":["GET"]}}],"collection":[{"href":"http:\/\/www.bonnier-forages.fr\/index.php\/wp-json\/wp\/v2\/pages"}],"about":[{"href":"http:\/\/www.bonnier-forages.fr\/index.php\/wp-json\/wp\/v2\/types\/page"}],"author":[{"embeddable":true,"href":"http:\/\/www.bonnier-forages.fr\/index.php\/wp-json\/wp\/v2\/users\/1"}],"replies":[{"embeddable":true,"href":"http:\/\/www.bonnier-forages.fr\/index.php\/wp-json\/wp\/v2\/comments?post=201"}],"version-history":[{"count":3,"href":"http:\/\/www.bonnier-forages.fr\/index.php\/wp-json\/wp\/v2\/pages\/201\/revisions"}],"predecessor-version":[{"id":799,"href":"http:\/\/www.bonnier-forages.fr\/index.php\/wp-json\/wp\/v2\/pages\/201\/revisions\/799"}],"wp:attachment":[{"href":"http:\/\/www.bonnier-forages.fr\/index.php\/wp-json\/wp\/v2\/media?parent=201"}],"curies":[{"name":"wp","href":"https:\/\/api.w.org\/{rel}","templated":true}]}}