{"id":20,"date":"2022-03-01T16:31:07","date_gmt":"2022-03-01T15:31:07","guid":{"rendered":"http:\/\/www.tilolab.com\/index.php\/contact-us\/"},"modified":"2022-11-30T21:25:25","modified_gmt":"2022-11-30T20:25:25","slug":"contact-us","status":"publish","type":"page","link":"http:\/\/www.bonnier-forages.fr\/index.php\/contact-us\/","title":{"rendered":"Contact"},"content":{"rendered":"\t\t<div data-elementor-type=\"wp-page\" data-elementor-id=\"20\" class=\"elementor elementor-20\" data-elementor-post-type=\"page\">\n\t\t\t\t\t\t<section class=\"elementor-section elementor-top-section elementor-element elementor-element-b31f2d0 elementor-section-stretched elementor-section-full_width elementor-section-height-default elementor-section-height-default\" data-id=\"b31f2d0\" data-element_type=\"section\" data-settings=\"{&quot;stretch_section&quot;:&quot;section-stretched&quot;}\">\n\t\t\t\t\t\t<div class=\"elementor-container elementor-column-gap-default\">\n\t\t\t\t\t<div class=\"elementor-column elementor-col-50 elementor-top-column elementor-element elementor-element-0a9f55d\" data-id=\"0a9f55d\" data-element_type=\"column\">\n\t\t\t<div class=\"elementor-widget-wrap elementor-element-populated\">\n\t\t\t\t\t\t<div class=\"elementor-element elementor-element-74c0b79 elementor-widget elementor-widget-heading\" data-id=\"74c0b79\" data-element_type=\"widget\" data-widget_type=\"heading.default\">\n\t\t\t\t<div class=\"elementor-widget-container\">\n\t\t\t\t\t<h2 class=\"elementor-heading-title elementor-size-default\">Contact<\/h2>\t\t\t\t<\/div>\n\t\t\t\t<\/div>\n\t\t\t\t<div class=\"elementor-element elementor-element-ce5766f elementor-button-align-stretch elementor-widget elementor-widget-form\" data-id=\"ce5766f\" data-element_type=\"widget\" data-settings=\"{&quot;step_next_label&quot;:&quot;Next&quot;,&quot;step_previous_label&quot;:&quot;Previous&quot;,&quot;button_width&quot;:&quot;100&quot;,&quot;step_type&quot;:&quot;number_text&quot;,&quot;step_icon_shape&quot;:&quot;circle&quot;}\" data-widget_type=\"form.default\">\n\t\t\t\t<div class=\"elementor-widget-container\">\n\t\t\t\t\t\t\t<form class=\"elementor-form\" method=\"post\" id=\"Form_contact\" name=\"New Form\">\n\t\t\t<input type=\"hidden\" name=\"post_id\" value=\"20\"\/>\n\t\t\t<input type=\"hidden\" name=\"form_id\" value=\"ce5766f\"\/>\n\t\t\t<input type=\"hidden\" name=\"referer_title\" value=\"Bonnier Forages\" \/>\n\n\t\t\t\n\t\t\t<div class=\"elementor-form-fields-wrapper elementor-labels-above\">\n\t\t\t\t\t\t\t\t<div class=\"elementor-field-type-text elementor-field-group elementor-column elementor-field-group-name elementor-col-100\">\n\t\t\t\t\t\t\t\t\t\t\t\t\t<input size=\"1\" type=\"text\" name=\"form_fields[name]\" id=\"form-field-name\" class=\"elementor-field elementor-size-sm  elementor-field-textual\" placeholder=\"Nom\">\n\t\t\t\t\t\t\t\t\t\t\t<\/div>\n\t\t\t\t\t\t\t\t<div class=\"elementor-field-type-email elementor-field-group elementor-column elementor-field-group-email elementor-col-100 elementor-field-required\">\n\t\t\t\t\t\t\t\t\t\t\t\t\t<input size=\"1\" type=\"email\" name=\"form_fields[email]\" id=\"form-field-email\" class=\"elementor-field elementor-size-sm  elementor-field-textual\" placeholder=\"Adresse mail\" required=\"required\" aria-required=\"true\">\n\t\t\t\t\t\t\t\t\t\t\t<\/div>\n\t\t\t\t\t\t\t\t<div class=\"elementor-field-type-textarea elementor-field-group elementor-column elementor-field-group-message elementor-col-100\">\n\t\t\t\t\t<textarea class=\"elementor-field-textual elementor-field  elementor-size-sm\" name=\"form_fields[message]\" id=\"form-field-message\" rows=\"6\" placeholder=\"Votre message \"><\/textarea>\t\t\t\t<\/div>\n\t\t\t\t\t\t\t\t<div class=\"elementor-field-group elementor-column elementor-field-type-submit elementor-col-100 e-form__buttons\">\n\t\t\t\t\t<button class=\"elementor-button elementor-size-sm\" type=\"submit\">\n\t\t\t\t\t\t<span class=\"elementor-button-content-wrapper\">\n\t\t\t\t\t\t\t\t\t\t\t\t\t\t\t\t\t\t\t\t\t\t<span class=\"elementor-button-text\">Soumettre<\/span>\n\t\t\t\t\t\t\t\t\t\t\t\t\t<\/span>\n\t\t\t\t\t<\/button>\n\t\t\t\t<\/div>\n\t\t\t<\/div>\n\t\t<\/form>\n\t\t\t\t\t\t<\/div>\n\t\t\t\t<\/div>\n\t\t\t\t\t<\/div>\n\t\t<\/div>\n\t\t\t\t<div class=\"elementor-column elementor-col-50 elementor-top-column elementor-element elementor-element-dacea1d\" data-id=\"dacea1d\" data-element_type=\"column\">\n\t\t\t<div class=\"elementor-widget-wrap elementor-element-populated\">\n\t\t\t\t\t\t<div class=\"elementor-element elementor-element-d7ff245 elementor-widget elementor-widget-text-editor\" data-id=\"d7ff245\" data-element_type=\"widget\" data-widget_type=\"text-editor.default\">\n\t\t\t\t<div class=\"elementor-widget-container\">\n\t\t\t\t\t\t\t\t\t<h2 class=\"ss-titre\">LA GUERCHE DE BRETAGNE<\/h2>\t\t\t\t\t\t\t\t<\/div>\n\t\t\t\t<\/div>\n\t\t\t\t<div class=\"elementor-element elementor-element-ea13c98 elementor-widget elementor-widget-text-editor\" data-id=\"ea13c98\" data-element_type=\"widget\" data-widget_type=\"text-editor.default\">\n\t\t\t\t<div class=\"elementor-widget-container\">\n\t\t\t\t\t\t\t\t\t<p>Zone Artisanale de La Garenne <br \/>35130 LA-GUERCHE-DE-BRETAGNE<br \/>02 99 96 23 08<\/p>\t\t\t\t\t\t\t\t<\/div>\n\t\t\t\t<\/div>\n\t\t\t\t<div class=\"elementor-element elementor-element-eb874a8 elementor-widget elementor-widget-google_maps\" data-id=\"eb874a8\" data-element_type=\"widget\" data-widget_type=\"google_maps.default\">\n\t\t\t\t<div class=\"elementor-widget-container\">\n\t\t\t\t\t\t\t<div class=\"elementor-custom-embed\">\n\t\t\t<iframe loading=\"lazy\"\n\t\t\t\t\tsrc=\"https:\/\/maps.google.com\/maps?q=SARL%20Bonnier%20forages%20La%20guerche%20de%20bretagne&#038;t=m&#038;z=10&#038;output=embed&#038;iwloc=near\"\n\t\t\t\t\ttitle=\"SARL Bonnier forages La guerche de bretagne\"\n\t\t\t\t\taria-label=\"SARL Bonnier forages La guerche de bretagne\"\n\t\t\t><\/iframe>\n\t\t<\/div>\n\t\t\t\t\t\t<\/div>\n\t\t\t\t<\/div>\n\t\t\t\t\t<\/div>\n\t\t<\/div>\n\t\t\t\t\t<\/div>\n\t\t<\/section>\n\t\t\t\t<\/div>\n\t\t","protected":false},"excerpt":{"rendered":"<p>Contact LA GUERCHE DE BRETAGNE Zone Artisanale de La Garenne 35130 LA-GUERCHE-DE-BRETAGNE02 99 96 23 08<\/p>\n","protected":false},"author":1,"featured_media":0,"parent":0,"menu_order":0,"comment_status":"closed","ping_status":"closed","template":"","meta":{"om_disable_all_campaigns":false,"site-sidebar-layout":"default","site-content-layout":"","ast-site-content-layout":"","site-content-style":"default","site-sidebar-style":"default","ast-global-header-display":"","ast-banner-title-visibility":"","ast-main-header-display":"","ast-hfb-above-header-display":"","ast-hfb-below-header-display":"","ast-hfb-mobile-header-display":"","site-post-title":"","ast-breadcrumbs-content":"","ast-featured-img":"","footer-sml-layout":"","theme-transparent-header-meta":"","adv-header-id-meta":"","stick-header-meta":"","header-above-stick-meta":"","header-main-stick-meta":"","header-below-stick-meta":"","astra-migrate-meta-layouts":"default","ast-page-background-enabled":"default","ast-page-background-meta":{"desktop":{"background-color":"var(--ast-global-color-4)","background-image":"","background-repeat":"repeat","background-position":"center center","background-size":"auto","background-attachment":"scroll","background-type":"","background-media":"","overlay-type":"","overlay-color":"","overlay-opacity":"","overlay-gradient":""},"tablet":{"background-color":"","background-image":"","background-repeat":"repeat","background-position":"center center","background-size":"auto","background-attachment":"scroll","background-type":"","background-media":"","overlay-type":"","overlay-color":"","overlay-opacity":"","overlay-gradient":""},"mobile":{"background-color":"","background-image":"","background-repeat":"repeat","background-position":"center center","background-size":"auto","background-attachment":"scroll","background-type":"","background-media":"","overlay-type":"","overlay-color":"","overlay-opacity":"","overlay-gradient":""}},"ast-content-background-meta":{"desktop":{"background-color":"var(--ast-global-color-5)","background-image":"","background-repeat":"repeat","background-position":"center center","background-size":"auto","background-attachment":"scroll","background-type":"","background-media":"","overlay-type":"","overlay-color":"","overlay-opacity":"","overlay-gradient":""},"tablet":{"background-color":"var(--ast-global-color-5)","background-image":"","background-repeat":"repeat","background-position":"center center","background-size":"auto","background-attachment":"scroll","background-type":"","background-media":"","overlay-type":"","overlay-color":"","overlay-opacity":"","overlay-gradient":""},"mobile":{"background-color":"var(--ast-global-color-5)","background-image":"","background-repeat":"repeat","background-position":"center center","background-size":"auto","background-attachment":"scroll","background-type":"","background-media":"","overlay-type":"","overlay-color":"","overlay-opacity":"","overlay-gradient":""}},"footnotes":""},"class_list":["post-20","page","type-page","status-publish","hentry"],"yoast_head":"<!-- This site is optimized with the Yoast SEO plugin v24.1 - https:\/\/yoast.com\/wordpress\/plugins\/seo\/ -->\n<title>Contact - Bonnier Forages<\/title>\n<meta name=\"description\" content=\"BONNIER FORAGES est une entreprise familiale sp\u00e9cialis\u00e9e dans la r\u00e9alisation de tous types de forages verticaux depuis 1964.\" \/>\n<meta name=\"robots\" content=\"index, follow, max-snippet:-1, max-image-preview:large, max-video-preview:-1\" \/>\n<link rel=\"canonical\" href=\"https:\/\/www.bonnier-forages.fr\/index.php\/contact-us\/\" \/>\n<meta property=\"og:locale\" content=\"fr_FR\" \/>\n<meta property=\"og:type\" content=\"article\" \/>\n<meta property=\"og:title\" content=\"Contact - Bonnier Forages\" \/>\n<meta property=\"og:description\" content=\"BONNIER FORAGES est une entreprise familiale sp\u00e9cialis\u00e9e dans la r\u00e9alisation de tous types de forages verticaux depuis 1964.\" \/>\n<meta property=\"og:url\" content=\"https:\/\/www.bonnier-forages.fr\/index.php\/contact-us\/\" \/>\n<meta property=\"og:site_name\" content=\"Bonnier Forages\" \/>\n<meta property=\"article:modified_time\" content=\"2022-11-30T20:25:25+00:00\" \/>\n<meta name=\"twitter:card\" content=\"summary_large_image\" \/>\n<meta name=\"twitter:label1\" content=\"Dur\u00e9e de lecture estim\u00e9e\" \/>\n\t<meta name=\"twitter:data1\" content=\"1 minute\" \/>\n<script type=\"application\/ld+json\" class=\"yoast-schema-graph\">{\"@context\":\"https:\/\/schema.org\",\"@graph\":[{\"@type\":\"WebPage\",\"@id\":\"https:\/\/www.bonnier-forages.fr\/index.php\/contact-us\/\",\"url\":\"https:\/\/www.bonnier-forages.fr\/index.php\/contact-us\/\",\"name\":\"Contact - Bonnier Forages\",\"isPartOf\":{\"@id\":\"https:\/\/www.bonnier-forages.fr\/#website\"},\"datePublished\":\"2022-03-01T15:31:07+00:00\",\"dateModified\":\"2022-11-30T20:25:25+00:00\",\"description\":\"BONNIER FORAGES est une entreprise familiale sp\u00e9cialis\u00e9e dans la r\u00e9alisation de tous types de forages verticaux depuis 1964.\",\"breadcrumb\":{\"@id\":\"https:\/\/www.bonnier-forages.fr\/index.php\/contact-us\/#breadcrumb\"},\"inLanguage\":\"fr-FR\",\"potentialAction\":[{\"@type\":\"ReadAction\",\"target\":[\"https:\/\/www.bonnier-forages.fr\/index.php\/contact-us\/\"]}]},{\"@type\":\"BreadcrumbList\",\"@id\":\"https:\/\/www.bonnier-forages.fr\/index.php\/contact-us\/#breadcrumb\",\"itemListElement\":[{\"@type\":\"ListItem\",\"position\":1,\"name\":\"Accueil\",\"item\":\"https:\/\/www.bonnier-forages.fr\/\"},{\"@type\":\"ListItem\",\"position\":2,\"name\":\"Contact\"}]},{\"@type\":\"WebSite\",\"@id\":\"https:\/\/www.bonnier-forages.fr\/#website\",\"url\":\"https:\/\/www.bonnier-forages.fr\/\",\"name\":\"Bonnier Forages\",\"description\":\"\",\"publisher\":{\"@id\":\"https:\/\/www.bonnier-forages.fr\/#organization\"},\"potentialAction\":[{\"@type\":\"SearchAction\",\"target\":{\"@type\":\"EntryPoint\",\"urlTemplate\":\"https:\/\/www.bonnier-forages.fr\/?s={search_term_string}\"},\"query-input\":{\"@type\":\"PropertyValueSpecification\",\"valueRequired\":true,\"valueName\":\"search_term_string\"}}],\"inLanguage\":\"fr-FR\"},{\"@type\":\"Organization\",\"@id\":\"https:\/\/www.bonnier-forages.fr\/#organization\",\"name\":\"Bonnier Forage\",\"url\":\"https:\/\/www.bonnier-forages.fr\/\",\"logo\":{\"@type\":\"ImageObject\",\"inLanguage\":\"fr-FR\",\"@id\":\"https:\/\/www.bonnier-forages.fr\/#\/schema\/logo\/image\/\",\"url\":\"https:\/\/www.bonnier-forages.fr\/wp-content\/uploads\/2022\/03\/cropped-Logo.png\",\"contentUrl\":\"https:\/\/www.bonnier-forages.fr\/wp-content\/uploads\/2022\/03\/cropped-Logo.png\",\"width\":309,\"height\":100,\"caption\":\"Bonnier Forage\"},\"image\":{\"@id\":\"https:\/\/www.bonnier-forages.fr\/#\/schema\/logo\/image\/\"}}]}<\/script>\n<!-- \/ Yoast SEO plugin. -->","yoast_head_json":{"title":"Contact - Bonnier Forages","description":"BONNIER FORAGES est une entreprise familiale sp\u00e9cialis\u00e9e dans la r\u00e9alisation de tous types de forages verticaux depuis 1964.","robots":{"index":"index","follow":"follow","max-snippet":"max-snippet:-1","max-image-preview":"max-image-preview:large","max-video-preview":"max-video-preview:-1"},"canonical":"https:\/\/www.bonnier-forages.fr\/index.php\/contact-us\/","og_locale":"fr_FR","og_type":"article","og_title":"Contact - Bonnier Forages","og_description":"BONNIER FORAGES est une entreprise familiale sp\u00e9cialis\u00e9e dans la r\u00e9alisation de tous types de forages verticaux depuis 1964.","og_url":"https:\/\/www.bonnier-forages.fr\/index.php\/contact-us\/","og_site_name":"Bonnier Forages","article_modified_time":"2022-11-30T20:25:25+00:00","twitter_card":"summary_large_image","twitter_misc":{"Dur\u00e9e de lecture estim\u00e9e":"1 minute"},"schema":{"@context":"https:\/\/schema.org","@graph":[{"@type":"WebPage","@id":"https:\/\/www.bonnier-forages.fr\/index.php\/contact-us\/","url":"https:\/\/www.bonnier-forages.fr\/index.php\/contact-us\/","name":"Contact - Bonnier Forages","isPartOf":{"@id":"https:\/\/www.bonnier-forages.fr\/#website"},"datePublished":"2022-03-01T15:31:07+00:00","dateModified":"2022-11-30T20:25:25+00:00","description":"BONNIER FORAGES est une entreprise familiale sp\u00e9cialis\u00e9e dans la r\u00e9alisation de tous types de forages verticaux depuis 1964.","breadcrumb":{"@id":"https:\/\/www.bonnier-forages.fr\/index.php\/contact-us\/#breadcrumb"},"inLanguage":"fr-FR","potentialAction":[{"@type":"ReadAction","target":["https:\/\/www.bonnier-forages.fr\/index.php\/contact-us\/"]}]},{"@type":"BreadcrumbList","@id":"https:\/\/www.bonnier-forages.fr\/index.php\/contact-us\/#breadcrumb","itemListElement":[{"@type":"ListItem","position":1,"name":"Accueil","item":"https:\/\/www.bonnier-forages.fr\/"},{"@type":"ListItem","position":2,"name":"Contact"}]},{"@type":"WebSite","@id":"https:\/\/www.bonnier-forages.fr\/#website","url":"https:\/\/www.bonnier-forages.fr\/","name":"Bonnier Forages","description":"","publisher":{"@id":"https:\/\/www.bonnier-forages.fr\/#organization"},"potentialAction":[{"@type":"SearchAction","target":{"@type":"EntryPoint","urlTemplate":"https:\/\/www.bonnier-forages.fr\/?s={search_term_string}"},"query-input":{"@type":"PropertyValueSpecification","valueRequired":true,"valueName":"search_term_string"}}],"inLanguage":"fr-FR"},{"@type":"Organization","@id":"https:\/\/www.bonnier-forages.fr\/#organization","name":"Bonnier Forage","url":"https:\/\/www.bonnier-forages.fr\/","logo":{"@type":"ImageObject","inLanguage":"fr-FR","@id":"https:\/\/www.bonnier-forages.fr\/#\/schema\/logo\/image\/","url":"https:\/\/www.bonnier-forages.fr\/wp-content\/uploads\/2022\/03\/cropped-Logo.png","contentUrl":"https:\/\/www.bonnier-forages.fr\/wp-content\/uploads\/2022\/03\/cropped-Logo.png","width":309,"height":100,"caption":"Bonnier Forage"},"image":{"@id":"https:\/\/www.bonnier-forages.fr\/#\/schema\/logo\/image\/"}}]}},"_links":{"self":[{"href":"http:\/\/www.bonnier-forages.fr\/index.php\/wp-json\/wp\/v2\/pages\/20","targetHints":{"allow":["GET"]}}],"collection":[{"href":"http:\/\/www.bonnier-forages.fr\/index.php\/wp-json\/wp\/v2\/pages"}],"about":[{"href":"http:\/\/www.bonnier-forages.fr\/index.php\/wp-json\/wp\/v2\/types\/page"}],"author":[{"embeddable":true,"href":"http:\/\/www.bonnier-forages.fr\/index.php\/wp-json\/wp\/v2\/users\/1"}],"replies":[{"embeddable":true,"href":"http:\/\/www.bonnier-forages.fr\/index.php\/wp-json\/wp\/v2\/comments?post=20"}],"version-history":[{"count":7,"href":"http:\/\/www.bonnier-forages.fr\/index.php\/wp-json\/wp\/v2\/pages\/20\/revisions"}],"predecessor-version":[{"id":809,"href":"http:\/\/www.bonnier-forages.fr\/index.php\/wp-json\/wp\/v2\/pages\/20\/revisions\/809"}],"wp:attachment":[{"href":"http:\/\/www.bonnier-forages.fr\/index.php\/wp-json\/wp\/v2\/media?parent=20"}],"curies":[{"name":"wp","href":"https:\/\/api.w.org\/{rel}","templated":true}]}}